{"id":17,"date":"2019-09-05T17:39:51","date_gmt":"2019-09-05T15:39:51","guid":{"rendered":"http:\/\/localhost\/guaikinima\/?page_id=17"},"modified":"2022-03-02T15:06:18","modified_gmt":"2022-03-02T15:06:18","slug":"inicio","status":"publish","type":"page","link":"https:\/\/campguaikinima.com\/es\/","title":{"rendered":"Inicio"},"content":{"rendered":"<h3 class=\"mb-0 wp-block-heading\">BIENVENIDOS A<\/h3><h2 class=\"wp-block-heading\">CAMP GUAIKINIMA<\/h2><hr class=\"wp-block-separator\" \/><p>Aqu\u00ed fomentamos en los campistas la autoestima, la confianza en s\u00ed mismos, la adaptaci\u00f3n exitosa a m\u00faltiples ambientes, el respeto a los dem\u00e1s y el <strong>amor por la naturaleza.<\/strong> Todo a trav\u00e9s de actividades de aventura que promueven la sana competencia, brindan vivencias estimulantes e inolvidables y un valioso aprendizaje para su crecimiento personal. Aqu\u00ed \u00a1Descubrir\u00e1n todo su potencial! <strong>#LoM\u00e1ximo<\/strong><\/p><p><a class=\"btn btn-primary\" href=\"https:\/\/campguaikinima.com\/quienes-somos\/\">\u00a1Con\u00f3cenos!<\/a><\/p><!-- AddThis Advanced Settings generic via filter on the_content --><!-- AddThis Share Buttons generic via filter on the_content -->","protected":false},"excerpt":{"rendered":"<p>BIENVENIDOS A CAMP GUAIKINIMA Aqu\u00ed fomentamos en los campistas la autoestima, la confianza en s\u00ed mismos, la adaptaci\u00f3n exitosa a m\u00faltiples ambientes, el respeto a los dem\u00e1s y el amor por la naturaleza. Todo a trav\u00e9s de actividades de aventura que promueven la sana competencia, brindan vivencias estimulantes e inolvidables y un valioso aprendizaje para&#8230;<!-- AddThis Advanced Settings generic via filter on get_the_excerpt --><!-- AddThis Share Buttons generic via filter on get_the_excerpt --><\/p>\n","protected":false},"author":1,"featured_media":6944,"parent":0,"menu_order":16,"comment_status":"closed","ping_status":"closed","template":"","meta":{"spay_email":"","footnotes":""},"class_list":["post-17","page","type-page","status-publish","has-post-thumbnail","hentry"],"yoast_head":"<!-- This site is optimized with the Yoast SEO plugin v26.8 - https:\/\/yoast.com\/product\/yoast-seo-wordpress\/ -->\n<title>Summer Camp for kids I Summer camps for teens I Camp Guaikinima<\/title>\n<meta name=\"description\" content=\"Summer Camp for kids and teens made up of a passionate and highly experienced team. Your children will learn to manage their fears! Visit us to know more!\" \/>\n<meta name=\"robots\" content=\"index, follow, max-snippet:-1, max-image-preview:large, max-video-preview:-1\" \/>\n<link rel=\"canonical\" href=\"https:\/\/campguaikinima.com\/es\/\" \/>\n<meta property=\"og:locale\" content=\"es_ES\" \/>\n<meta property=\"og:type\" content=\"article\" \/>\n<meta property=\"og:title\" content=\"Summer Camp for kids I Summer camps for teens I Camp Guaikinima\" \/>\n<meta property=\"og:description\" content=\"Summer Camp for kids and teens made up of a passionate and highly experienced team. Your children will learn to manage their fears! Visit us to know more!\" \/>\n<meta property=\"og:url\" content=\"https:\/\/campguaikinima.com\/es\/\" \/>\n<meta property=\"og:site_name\" content=\"Camp Guaikinima - Espa\u00f1ol\" \/>\n<meta property=\"article:modified_time\" content=\"2022-03-02T15:06:18+00:00\" \/>\n<meta property=\"og:image\" content=\"https:\/\/campguaikinima.com\/es\/wp-content\/uploads\/sites\/2\/2020\/03\/IMG-Raymond-Cidad-min.jpg\" \/>\n\t<meta property=\"og:image:width\" content=\"810\" \/>\n\t<meta property=\"og:image:height\" content=\"650\" \/>\n\t<meta property=\"og:image:type\" content=\"image\/jpeg\" \/>\n<meta name=\"twitter:card\" content=\"summary_large_image\" \/>\n<script type=\"application\/ld+json\" class=\"yoast-schema-graph\">{\"@context\":\"https:\/\/schema.org\",\"@graph\":[{\"@type\":\"WebPage\",\"@id\":\"https:\/\/campguaikinima.com\/es\/\",\"url\":\"https:\/\/campguaikinima.com\/es\/\",\"name\":\"Summer Camp for kids I Summer camps for teens I Camp Guaikinima\",\"isPartOf\":{\"@id\":\"https:\/\/campguaikinima.com\/es\/#website\"},\"primaryImageOfPage\":{\"@id\":\"https:\/\/campguaikinima.com\/es\/#primaryimage\"},\"image\":{\"@id\":\"https:\/\/campguaikinima.com\/es\/#primaryimage\"},\"thumbnailUrl\":\"https:\/\/campguaikinima.com\/es\/wp-content\/uploads\/sites\/2\/2020\/03\/IMG-Raymond-Cidad-min.jpg\",\"datePublished\":\"2019-09-05T15:39:51+00:00\",\"dateModified\":\"2022-03-02T15:06:18+00:00\",\"description\":\"Summer Camp for kids and teens made up of a passionate and highly experienced team. Your children will learn to manage their fears! Visit us to know more!\",\"inLanguage\":\"es\",\"potentialAction\":[{\"@type\":\"ReadAction\",\"target\":[\"https:\/\/campguaikinima.com\/es\/\"]}]},{\"@type\":\"ImageObject\",\"inLanguage\":\"es\",\"@id\":\"https:\/\/campguaikinima.com\/es\/#primaryimage\",\"url\":\"https:\/\/campguaikinima.com\/es\/wp-content\/uploads\/sites\/2\/2020\/03\/IMG-Raymond-Cidad-min.jpg\",\"contentUrl\":\"https:\/\/campguaikinima.com\/es\/wp-content\/uploads\/sites\/2\/2020\/03\/IMG-Raymond-Cidad-min.jpg\",\"width\":810,\"height\":650},{\"@type\":\"WebSite\",\"@id\":\"https:\/\/campguaikinima.com\/es\/#website\",\"url\":\"https:\/\/campguaikinima.com\/es\/\",\"name\":\"Camp Guaikinima - Espa\u00f1ol\",\"description\":\"Just another Camp Guaikinima Sites site\",\"publisher\":{\"@id\":\"https:\/\/campguaikinima.com\/es\/#organization\"},\"potentialAction\":[{\"@type\":\"SearchAction\",\"target\":{\"@type\":\"EntryPoint\",\"urlTemplate\":\"https:\/\/campguaikinima.com\/es\/?s={search_term_string}\"},\"query-input\":{\"@type\":\"PropertyValueSpecification\",\"valueRequired\":true,\"valueName\":\"search_term_string\"}}],\"inLanguage\":\"es\"},{\"@type\":\"Organization\",\"@id\":\"https:\/\/campguaikinima.com\/es\/#organization\",\"name\":\"Camp Guaikinima - Espa\u00f1ol\",\"url\":\"https:\/\/campguaikinima.com\/es\/\",\"logo\":{\"@type\":\"ImageObject\",\"inLanguage\":\"es\",\"@id\":\"https:\/\/campguaikinima.com\/es\/#\/schema\/logo\/image\/\",\"url\":\"https:\/\/campguaikinima.com\/es\/wp-content\/uploads\/sites\/2\/2019\/09\/Logo-Guakinima-Full-Color-min.png\",\"contentUrl\":\"https:\/\/campguaikinima.com\/es\/wp-content\/uploads\/sites\/2\/2019\/09\/Logo-Guakinima-Full-Color-min.png\",\"width\":180,\"height\":87,\"caption\":\"Camp Guaikinima - Espa\u00f1ol\"},\"image\":{\"@id\":\"https:\/\/campguaikinima.com\/es\/#\/schema\/logo\/image\/\"}}]}<\/script>\n<!-- \/ Yoast SEO plugin. -->","yoast_head_json":{"title":"Summer Camp for kids I Summer camps for teens I Camp Guaikinima","description":"Summer Camp for kids and teens made up of a passionate and highly experienced team. Your children will learn to manage their fears! Visit us to know more!","robots":{"index":"index","follow":"follow","max-snippet":"max-snippet:-1","max-image-preview":"max-image-preview:large","max-video-preview":"max-video-preview:-1"},"canonical":"https:\/\/campguaikinima.com\/es\/","og_locale":"es_ES","og_type":"article","og_title":"Summer Camp for kids I Summer camps for teens I Camp Guaikinima","og_description":"Summer Camp for kids and teens made up of a passionate and highly experienced team. Your children will learn to manage their fears! Visit us to know more!","og_url":"https:\/\/campguaikinima.com\/es\/","og_site_name":"Camp Guaikinima - Espa\u00f1ol","article_modified_time":"2022-03-02T15:06:18+00:00","og_image":[{"width":810,"height":650,"url":"https:\/\/campguaikinima.com\/es\/wp-content\/uploads\/sites\/2\/2020\/03\/IMG-Raymond-Cidad-min.jpg","type":"image\/jpeg"}],"twitter_card":"summary_large_image","schema":{"@context":"https:\/\/schema.org","@graph":[{"@type":"WebPage","@id":"https:\/\/campguaikinima.com\/es\/","url":"https:\/\/campguaikinima.com\/es\/","name":"Summer Camp for kids I Summer camps for teens I Camp Guaikinima","isPartOf":{"@id":"https:\/\/campguaikinima.com\/es\/#website"},"primaryImageOfPage":{"@id":"https:\/\/campguaikinima.com\/es\/#primaryimage"},"image":{"@id":"https:\/\/campguaikinima.com\/es\/#primaryimage"},"thumbnailUrl":"https:\/\/campguaikinima.com\/es\/wp-content\/uploads\/sites\/2\/2020\/03\/IMG-Raymond-Cidad-min.jpg","datePublished":"2019-09-05T15:39:51+00:00","dateModified":"2022-03-02T15:06:18+00:00","description":"Summer Camp for kids and teens made up of a passionate and highly experienced team. Your children will learn to manage their fears! Visit us to know more!","inLanguage":"es","potentialAction":[{"@type":"ReadAction","target":["https:\/\/campguaikinima.com\/es\/"]}]},{"@type":"ImageObject","inLanguage":"es","@id":"https:\/\/campguaikinima.com\/es\/#primaryimage","url":"https:\/\/campguaikinima.com\/es\/wp-content\/uploads\/sites\/2\/2020\/03\/IMG-Raymond-Cidad-min.jpg","contentUrl":"https:\/\/campguaikinima.com\/es\/wp-content\/uploads\/sites\/2\/2020\/03\/IMG-Raymond-Cidad-min.jpg","width":810,"height":650},{"@type":"WebSite","@id":"https:\/\/campguaikinima.com\/es\/#website","url":"https:\/\/campguaikinima.com\/es\/","name":"Camp Guaikinima - Espa\u00f1ol","description":"Just another Camp Guaikinima Sites site","publisher":{"@id":"https:\/\/campguaikinima.com\/es\/#organization"},"potentialAction":[{"@type":"SearchAction","target":{"@type":"EntryPoint","urlTemplate":"https:\/\/campguaikinima.com\/es\/?s={search_term_string}"},"query-input":{"@type":"PropertyValueSpecification","valueRequired":true,"valueName":"search_term_string"}}],"inLanguage":"es"},{"@type":"Organization","@id":"https:\/\/campguaikinima.com\/es\/#organization","name":"Camp Guaikinima - Espa\u00f1ol","url":"https:\/\/campguaikinima.com\/es\/","logo":{"@type":"ImageObject","inLanguage":"es","@id":"https:\/\/campguaikinima.com\/es\/#\/schema\/logo\/image\/","url":"https:\/\/campguaikinima.com\/es\/wp-content\/uploads\/sites\/2\/2019\/09\/Logo-Guakinima-Full-Color-min.png","contentUrl":"https:\/\/campguaikinima.com\/es\/wp-content\/uploads\/sites\/2\/2019\/09\/Logo-Guakinima-Full-Color-min.png","width":180,"height":87,"caption":"Camp Guaikinima - Espa\u00f1ol"},"image":{"@id":"https:\/\/campguaikinima.com\/es\/#\/schema\/logo\/image\/"}}]}},"_links":{"self":[{"href":"https:\/\/campguaikinima.com\/es\/wp-json\/wp\/v2\/pages\/17","targetHints":{"allow":["GET"]}}],"collection":[{"href":"https:\/\/campguaikinima.com\/es\/wp-json\/wp\/v2\/pages"}],"about":[{"href":"https:\/\/campguaikinima.com\/es\/wp-json\/wp\/v2\/types\/page"}],"author":[{"embeddable":true,"href":"https:\/\/campguaikinima.com\/es\/wp-json\/wp\/v2\/users\/1"}],"replies":[{"embeddable":true,"href":"https:\/\/campguaikinima.com\/es\/wp-json\/wp\/v2\/comments?post=17"}],"version-history":[{"count":1,"href":"https:\/\/campguaikinima.com\/es\/wp-json\/wp\/v2\/pages\/17\/revisions"}],"predecessor-version":[{"id":7544,"href":"https:\/\/campguaikinima.com\/es\/wp-json\/wp\/v2\/pages\/17\/revisions\/7544"}],"wp:featuredmedia":[{"embeddable":true,"href":"https:\/\/campguaikinima.com\/es\/wp-json\/wp\/v2\/media\/6944"}],"wp:attachment":[{"href":"https:\/\/campguaikinima.com\/es\/wp-json\/wp\/v2\/media?parent=17"}],"curies":[{"name":"wp","href":"https:\/\/api.w.org\/{rel}","templated":true}]}}