{"id":142,"date":"2019-09-11T15:32:10","date_gmt":"2019-09-11T13:32:10","guid":{"rendered":"http:\/\/localhost\/guaikinima\/?page_id=142"},"modified":"2024-12-13T23:16:31","modified_gmt":"2024-12-13T23:16:31","slug":"quienes-somos","status":"publish","type":"page","link":"https:\/\/campguaikinima.com\/es\/quienes-somos\/","title":{"rendered":"Qui\u00e9nes Somos"},"content":{"rendered":"<h4 class=\"wp-block-heading\">\u00bfQUI\u00c9NES SOMOS Y QU\u00c9 HACEMOS?<\/h4><h2 class=\"wp-block-heading\"><strong>Somos un &#8220;Summer Camp&#8221; de aventura, biling\u00fce (en Florida) conformado por un equipo apasionado y altamente experimentado.<\/strong><\/h2><p>Con nosotros tus hijos vivir\u00e1n aventuras retadoras e inolvidables mientras aprenden a manejar sus miedos y descubren todo su potencial a trav\u00e9s de actividades \u00fanicas y exclusivas en contacto con la naturaleza y con base a una metodolog\u00eda validada por m\u00e1s de 30 a\u00f1os en cientos de ni\u00f1os y j\u00f3venes.<\/p>","protected":false},"excerpt":{"rendered":"<p>\u00bfQUI\u00c9NES SOMOS Y QU\u00c9 HACEMOS? Somos un &#8220;Summer Camp&#8221; de aventura, biling\u00fce (en Florida) conformado por un equipo apasionado y altamente experimentado. Con nosotros tus hijos vivir\u00e1n aventuras retadoras e inolvidables mientras aprenden a manejar sus miedos y descubren todo su potencial a trav\u00e9s de actividades \u00fanicas y exclusivas en contacto con la naturaleza y&#8230;<\/p>\n","protected":false},"author":1,"featured_media":8004,"parent":0,"menu_order":19,"comment_status":"closed","ping_status":"closed","template":"template-about.php","meta":{"spay_email":"","footnotes":""},"class_list":["post-142","page","type-page","status-publish","has-post-thumbnail","hentry"],"yoast_head":"<!-- This site is optimized with the Yoast SEO plugin v26.8 - https:\/\/yoast.com\/product\/yoast-seo-wordpress\/ -->\n<title>Qui\u00e9nes Somos | Camp Guaikinima - Espa\u00f1ol<\/title>\n<meta name=\"robots\" content=\"index, follow, max-snippet:-1, max-image-preview:large, max-video-preview:-1\" \/>\n<link rel=\"canonical\" href=\"https:\/\/campguaikinima.com\/es\/quienes-somos\/\" \/>\n<meta property=\"og:locale\" content=\"es_ES\" \/>\n<meta property=\"og:type\" content=\"article\" \/>\n<meta property=\"og:title\" content=\"Qui\u00e9nes Somos | Camp Guaikinima - Espa\u00f1ol\" \/>\n<meta property=\"og:description\" content=\"\u00bfQUI\u00c9NES SOMOS Y QU\u00c9 HACEMOS? Somos un &#8220;Summer Camp&#8221; de aventura, biling\u00fce (en Florida) conformado por un equipo apasionado y altamente experimentado. Con nosotros tus hijos vivir\u00e1n aventuras retadoras e inolvidables mientras aprenden a manejar sus miedos y descubren todo su potencial a trav\u00e9s de actividades \u00fanicas y exclusivas en contacto con la naturaleza y...\" \/>\n<meta property=\"og:url\" content=\"https:\/\/campguaikinima.com\/es\/quienes-somos\/\" \/>\n<meta property=\"og:site_name\" content=\"Camp Guaikinima - Espa\u00f1ol\" \/>\n<meta property=\"article:modified_time\" content=\"2024-12-13T23:16:31+00:00\" \/>\n<meta property=\"og:image\" content=\"https:\/\/campguaikinima.com\/es\/wp-content\/uploads\/sites\/2\/2024\/12\/large_8a4a4e7fa5cda76f8e40ea4099c003b2f16d4479.jpg\" \/>\n\t<meta property=\"og:image:width\" content=\"1080\" \/>\n\t<meta property=\"og:image:height\" content=\"1440\" \/>\n\t<meta property=\"og:image:type\" content=\"image\/jpeg\" \/>\n<meta name=\"twitter:card\" content=\"summary_large_image\" \/>\n<script type=\"application\/ld+json\" class=\"yoast-schema-graph\">{\"@context\":\"https:\/\/schema.org\",\"@graph\":[{\"@type\":\"WebPage\",\"@id\":\"https:\/\/campguaikinima.com\/es\/quienes-somos\/\",\"url\":\"https:\/\/campguaikinima.com\/es\/quienes-somos\/\",\"name\":\"Qui\u00e9nes Somos | Camp Guaikinima - Espa\u00f1ol\",\"isPartOf\":{\"@id\":\"https:\/\/campguaikinima.com\/es\/#website\"},\"primaryImageOfPage\":{\"@id\":\"https:\/\/campguaikinima.com\/es\/quienes-somos\/#primaryimage\"},\"image\":{\"@id\":\"https:\/\/campguaikinima.com\/es\/quienes-somos\/#primaryimage\"},\"thumbnailUrl\":\"https:\/\/campguaikinima.com\/es\/wp-content\/uploads\/sites\/2\/2024\/12\/large_8a4a4e7fa5cda76f8e40ea4099c003b2f16d4479.jpg\",\"datePublished\":\"2019-09-11T13:32:10+00:00\",\"dateModified\":\"2024-12-13T23:16:31+00:00\",\"inLanguage\":\"es\",\"potentialAction\":[{\"@type\":\"ReadAction\",\"target\":[\"https:\/\/campguaikinima.com\/es\/quienes-somos\/\"]}]},{\"@type\":\"ImageObject\",\"inLanguage\":\"es\",\"@id\":\"https:\/\/campguaikinima.com\/es\/quienes-somos\/#primaryimage\",\"url\":\"https:\/\/campguaikinima.com\/es\/wp-content\/uploads\/sites\/2\/2024\/12\/large_8a4a4e7fa5cda76f8e40ea4099c003b2f16d4479.jpg\",\"contentUrl\":\"https:\/\/campguaikinima.com\/es\/wp-content\/uploads\/sites\/2\/2024\/12\/large_8a4a4e7fa5cda76f8e40ea4099c003b2f16d4479.jpg\",\"width\":1080,\"height\":1440},{\"@type\":\"WebSite\",\"@id\":\"https:\/\/campguaikinima.com\/es\/#website\",\"url\":\"https:\/\/campguaikinima.com\/es\/\",\"name\":\"Camp Guaikinima - Espa\u00f1ol\",\"description\":\"Just another Camp Guaikinima Sites site\",\"publisher\":{\"@id\":\"https:\/\/campguaikinima.com\/es\/#organization\"},\"potentialAction\":[{\"@type\":\"SearchAction\",\"target\":{\"@type\":\"EntryPoint\",\"urlTemplate\":\"https:\/\/campguaikinima.com\/es\/?s={search_term_string}\"},\"query-input\":{\"@type\":\"PropertyValueSpecification\",\"valueRequired\":true,\"valueName\":\"search_term_string\"}}],\"inLanguage\":\"es\"},{\"@type\":\"Organization\",\"@id\":\"https:\/\/campguaikinima.com\/es\/#organization\",\"name\":\"Camp Guaikinima - Espa\u00f1ol\",\"url\":\"https:\/\/campguaikinima.com\/es\/\",\"logo\":{\"@type\":\"ImageObject\",\"inLanguage\":\"es\",\"@id\":\"https:\/\/campguaikinima.com\/es\/#\/schema\/logo\/image\/\",\"url\":\"https:\/\/campguaikinima.com\/es\/wp-content\/uploads\/sites\/2\/2019\/09\/Logo-Guakinima-Full-Color-min.png\",\"contentUrl\":\"https:\/\/campguaikinima.com\/es\/wp-content\/uploads\/sites\/2\/2019\/09\/Logo-Guakinima-Full-Color-min.png\",\"width\":180,\"height\":87,\"caption\":\"Camp Guaikinima - Espa\u00f1ol\"},\"image\":{\"@id\":\"https:\/\/campguaikinima.com\/es\/#\/schema\/logo\/image\/\"}}]}<\/script>\n<!-- \/ Yoast SEO plugin. -->","yoast_head_json":{"title":"Qui\u00e9nes Somos | Camp Guaikinima - Espa\u00f1ol","robots":{"index":"index","follow":"follow","max-snippet":"max-snippet:-1","max-image-preview":"max-image-preview:large","max-video-preview":"max-video-preview:-1"},"canonical":"https:\/\/campguaikinima.com\/es\/quienes-somos\/","og_locale":"es_ES","og_type":"article","og_title":"Qui\u00e9nes Somos | Camp Guaikinima - Espa\u00f1ol","og_description":"\u00bfQUI\u00c9NES SOMOS Y QU\u00c9 HACEMOS? Somos un &#8220;Summer Camp&#8221; de aventura, biling\u00fce (en Florida) conformado por un equipo apasionado y altamente experimentado. Con nosotros tus hijos vivir\u00e1n aventuras retadoras e inolvidables mientras aprenden a manejar sus miedos y descubren todo su potencial a trav\u00e9s de actividades \u00fanicas y exclusivas en contacto con la naturaleza y...","og_url":"https:\/\/campguaikinima.com\/es\/quienes-somos\/","og_site_name":"Camp Guaikinima - Espa\u00f1ol","article_modified_time":"2024-12-13T23:16:31+00:00","og_image":[{"width":1080,"height":1440,"url":"https:\/\/campguaikinima.com\/es\/wp-content\/uploads\/sites\/2\/2024\/12\/large_8a4a4e7fa5cda76f8e40ea4099c003b2f16d4479.jpg","type":"image\/jpeg"}],"twitter_card":"summary_large_image","schema":{"@context":"https:\/\/schema.org","@graph":[{"@type":"WebPage","@id":"https:\/\/campguaikinima.com\/es\/quienes-somos\/","url":"https:\/\/campguaikinima.com\/es\/quienes-somos\/","name":"Qui\u00e9nes Somos | Camp Guaikinima - Espa\u00f1ol","isPartOf":{"@id":"https:\/\/campguaikinima.com\/es\/#website"},"primaryImageOfPage":{"@id":"https:\/\/campguaikinima.com\/es\/quienes-somos\/#primaryimage"},"image":{"@id":"https:\/\/campguaikinima.com\/es\/quienes-somos\/#primaryimage"},"thumbnailUrl":"https:\/\/campguaikinima.com\/es\/wp-content\/uploads\/sites\/2\/2024\/12\/large_8a4a4e7fa5cda76f8e40ea4099c003b2f16d4479.jpg","datePublished":"2019-09-11T13:32:10+00:00","dateModified":"2024-12-13T23:16:31+00:00","inLanguage":"es","potentialAction":[{"@type":"ReadAction","target":["https:\/\/campguaikinima.com\/es\/quienes-somos\/"]}]},{"@type":"ImageObject","inLanguage":"es","@id":"https:\/\/campguaikinima.com\/es\/quienes-somos\/#primaryimage","url":"https:\/\/campguaikinima.com\/es\/wp-content\/uploads\/sites\/2\/2024\/12\/large_8a4a4e7fa5cda76f8e40ea4099c003b2f16d4479.jpg","contentUrl":"https:\/\/campguaikinima.com\/es\/wp-content\/uploads\/sites\/2\/2024\/12\/large_8a4a4e7fa5cda76f8e40ea4099c003b2f16d4479.jpg","width":1080,"height":1440},{"@type":"WebSite","@id":"https:\/\/campguaikinima.com\/es\/#website","url":"https:\/\/campguaikinima.com\/es\/","name":"Camp Guaikinima - Espa\u00f1ol","description":"Just another Camp Guaikinima Sites site","publisher":{"@id":"https:\/\/campguaikinima.com\/es\/#organization"},"potentialAction":[{"@type":"SearchAction","target":{"@type":"EntryPoint","urlTemplate":"https:\/\/campguaikinima.com\/es\/?s={search_term_string}"},"query-input":{"@type":"PropertyValueSpecification","valueRequired":true,"valueName":"search_term_string"}}],"inLanguage":"es"},{"@type":"Organization","@id":"https:\/\/campguaikinima.com\/es\/#organization","name":"Camp Guaikinima - Espa\u00f1ol","url":"https:\/\/campguaikinima.com\/es\/","logo":{"@type":"ImageObject","inLanguage":"es","@id":"https:\/\/campguaikinima.com\/es\/#\/schema\/logo\/image\/","url":"https:\/\/campguaikinima.com\/es\/wp-content\/uploads\/sites\/2\/2019\/09\/Logo-Guakinima-Full-Color-min.png","contentUrl":"https:\/\/campguaikinima.com\/es\/wp-content\/uploads\/sites\/2\/2019\/09\/Logo-Guakinima-Full-Color-min.png","width":180,"height":87,"caption":"Camp Guaikinima - Espa\u00f1ol"},"image":{"@id":"https:\/\/campguaikinima.com\/es\/#\/schema\/logo\/image\/"}}]}},"_links":{"self":[{"href":"https:\/\/campguaikinima.com\/es\/wp-json\/wp\/v2\/pages\/142","targetHints":{"allow":["GET"]}}],"collection":[{"href":"https:\/\/campguaikinima.com\/es\/wp-json\/wp\/v2\/pages"}],"about":[{"href":"https:\/\/campguaikinima.com\/es\/wp-json\/wp\/v2\/types\/page"}],"author":[{"embeddable":true,"href":"https:\/\/campguaikinima.com\/es\/wp-json\/wp\/v2\/users\/1"}],"replies":[{"embeddable":true,"href":"https:\/\/campguaikinima.com\/es\/wp-json\/wp\/v2\/comments?post=142"}],"version-history":[{"count":4,"href":"https:\/\/campguaikinima.com\/es\/wp-json\/wp\/v2\/pages\/142\/revisions"}],"predecessor-version":[{"id":7681,"href":"https:\/\/campguaikinima.com\/es\/wp-json\/wp\/v2\/pages\/142\/revisions\/7681"}],"wp:featuredmedia":[{"embeddable":true,"href":"https:\/\/campguaikinima.com\/es\/wp-json\/wp\/v2\/media\/8004"}],"wp:attachment":[{"href":"https:\/\/campguaikinima.com\/es\/wp-json\/wp\/v2\/media?parent=142"}],"curies":[{"name":"wp","href":"https:\/\/api.w.org\/{rel}","templated":true}]}}